{"id":653,"date":"2024-11-19T13:25:05","date_gmt":"2024-11-19T13:25:05","guid":{"rendered":"http:\/\/imagenmemorable.com\/blog\/home\/"},"modified":"2024-11-20T11:47:19","modified_gmt":"2024-11-20T11:47:19","slug":"home","status":"publish","type":"page","link":"http:\/\/imagenmemorable.com\/blog\/","title":{"rendered":"Home"},"content":{"rendered":"\n<div class=\"wp-block-uagb-container uagb-block-f979212d alignfull uagb-is-root-container\"><div class=\"uagb-container-inner-blocks-wrap\">\n<div class=\"wp-block-uagb-info-box uagb-block-eaa1e721 uagb-infobox__content-wrap  uagb-infobox-icon-above-title uagb-infobox-image-valign-top wp-block-uagb-info-box--has-margin\"><div class=\"uagb-infobox-margin-wrapper\"><div class=\"uagb-ifb-content\"><div class=\"uagb-ifb-title-wrap\"><h6 class=\"uagb-ifb-title-prefix\">bienvenidos al blog<\/h6><h1 class=\"uagb-ifb-title\">Imagen Memorable<\/h1><\/div><p class=\"uagb-ifb-desc\">Te acompa\u00f1amos en todo lo necesario para que tu imagen se convierta en una poderosa herramienta de \u00e9xito.<\/p><\/div><\/div><\/div>\n\n\n\n<div class=\"wp-block-uagb-container uagb-block-5e85dcde\">\n<div class=\"wp-block-uagb-buttons uagb-buttons__outer-wrap uagb-btn__default-btn uagb-btn-tablet__default-btn uagb-btn-mobile__default-btn uagb-block-a73ea086\"><div class=\"uagb-buttons__wrap uagb-buttons-layout-wrap \">\n<div class=\"wp-block-uagb-buttons-child uagb-buttons__outer-wrap uagb-block-6b2d53f9 wp-block-button is-style-outline\"><div class=\"uagb-button__wrapper\"><a class=\"uagb-buttons-repeater wp-block-button__link\" aria-label=\"\" href=\"#publicaciones\" rel=\"follow noopener\" target=\"_self\" role=\"button\"><div class=\"uagb-button__link\">Leer publicaciones<\/div><span class=\"uagb-button__icon uagb-button__icon-position-after\"><svg xmlns=\"https:\/\/www.w3.org\/2000\/svg\" viewBox=\"0 0 448 512\" aria-hidden=\"true\" focussable=\"false\"><path d=\"M438.6 278.6l-160 160C272.4 444.9 264.2 448 256 448s-16.38-3.125-22.62-9.375c-12.5-12.5-12.5-32.75 0-45.25L338.8 288H32C14.33 288 .0016 273.7 .0016 256S14.33 224 32 224h306.8l-105.4-105.4c-12.5-12.5-12.5-32.75 0-45.25s32.75-12.5 45.25 0l160 160C451.1 245.9 451.1 266.1 438.6 278.6z\"><\/path><\/svg><\/span><\/a><\/div><\/div>\n<\/div><\/div>\n<\/div>\n<\/div><\/div>\n\n\n\n<div id=\"publicaciones\" class=\"wp-block-uagb-container uagb-block-e3752e37 alignfull uagb-is-root-container\"><div class=\"uagb-container-inner-blocks-wrap\">\n<div class=\"wp-block-uagb-container uagb-block-d3b14957\">\n<div class=\"wp-block-uagb-info-box uagb-block-67ea5b15 uagb-infobox__content-wrap  uagb-infobox-icon-above-title uagb-infobox-image-valign-top info_publicaciones\"><div class=\"uagb-ifb-content\"><div class=\"uagb-ifb-title-wrap\"><div class=\"uagb-ifb-separator\"><\/div><h2 class=\"uagb-ifb-title\">\u00daltimas publicaciones<\/h2><\/div><p class=\"uagb-ifb-desc\">Descubre el poder que existe en la imagen.<\/p><\/div><\/div>\n\n\n\n<div class=\"wp-block-uagb-buttons uagb-buttons__outer-wrap uagb-btn__default-btn uagb-btn-tablet__default-btn uagb-btn-mobile__default-btn uagb-block-20906938 uag-hide-desktop uag-hide-tab uag-hide-mob\"><div class=\"uagb-buttons__wrap uagb-buttons-layout-wrap \">\n<div class=\"wp-block-uagb-buttons-child uagb-buttons__outer-wrap uagb-block-9abc41a2 wp-block-button\"><div class=\"uagb-button__wrapper\"><a class=\"uagb-buttons-repeater wp-block-button__link\" aria-label=\"\" href=\"#\" rel=\"follow noopener\" target=\"_self\" role=\"button\"><div class=\"uagb-button__link\">View All Articles<\/div><\/a><\/div><\/div>\n<\/div><\/div>\n<\/div>\n\n\n\n<div class=\"wp-block-uagb-container uagb-block-407fa12a alignfull uagb-is-root-container\"><div class=\"uagb-container-inner-blocks-wrap\">\n\t\t\t<div class=\"wp-block-uagb-post-grid uagb-post-grid  uagb-post__image-position-top uagb-post__image-enabled uagb-block-bdd1ccab     uagb-post__items uagb-post__columns-3 is-grid uagb-post__columns-tablet-2 uagb-post__columns-mobile-1 uagb-post__equal-height\" data-total=\"1\" style=\"\">\n\n\t\t\t\t\t\t\t\t\t\t\t\t<article class=\"uagb-post__inner-wrap\">\t\t\t\t\t\t\t\t<div class='uagb-post__image'>\n\t\t\t\t\t\t\t\t\t<a href=\"http:\/\/imagenmemorable.com\/blog\/la-imagen-del-poder-el-caso-de-melania-trump\/\" target=\"_self\" rel=\"bookmark noopener noreferrer\" class='uagb-image-ratio-2-3'><img loading=\"lazy\" decoding=\"async\" width=\"1024\" height=\"649\" src=\"http:\/\/imagenmemorable.com\/blog\/wp-content\/uploads\/2025\/01\/6-e1738091860684-1024x649.jpg\" class=\"attachment-large size-large\" alt=\"\" srcset=\"http:\/\/imagenmemorable.com\/blog\/wp-content\/uploads\/2025\/01\/6-e1738091860684-1024x649.jpg 1024w, http:\/\/imagenmemorable.com\/blog\/wp-content\/uploads\/2025\/01\/6-e1738091860684-300x190.jpg 300w, http:\/\/imagenmemorable.com\/blog\/wp-content\/uploads\/2025\/01\/6-e1738091860684-768x486.jpg 768w, http:\/\/imagenmemorable.com\/blog\/wp-content\/uploads\/2025\/01\/6-e1738091860684.jpg 1080w\" sizes=\"auto, (max-width: 1024px) 100vw, 1024px\" \/>\t\t\t\t\t<\/a>\n\t\t\t\t\t\t\t<\/div>\n\t\t\t\t\t\t<h4 class=\"uagb-post__title uagb-post__text\">\n\t\t\t\t<a href=\"http:\/\/imagenmemorable.com\/blog\/la-imagen-del-poder-el-caso-de-melania-trump\/\" target=\"_self\" rel=\"bookmark noopener noreferrer\">La imagen del poder: el caso de Melania Trump<\/a>\n\t\t\t<\/h4>\n\t\t\t\t\t\t<div class='uagb-post__text uagb-post-grid-byline'>\n\t\t\t\t\t\t\t\t<div class=\"uagb-post__text\">\n\t\t\t\t\t<span class='uagb-post__taxonomy'>\n\t\t\t\t\t\t\t\t\t\t\t\t<a href=\"http:\/\/imagenmemorable.com\/blog\/category\/imagen-politica\/\">Imagen pol\u00edtica<\/a>\t\t\t\t\t<\/span>\n\t\t\t\t<\/div>\n\t\t\t\t\t\t\t<\/div>\n\t\t\t\t\t\t\t<div class='uagb-post__text uagb-post__excerpt'>\n\t\t\t\t\t<p>En el mundo de la pol\u00edtica, la imagen personal no es un simple accesorio; es&#8230;\t\t\t\t<\/div>\n\t\t\t\t\t\t<div class=\"uagb-post__text uagb-post__cta wp-block-button\">\n\t\t\t\t<a class=\"wp-block-button__link uagb-text-link\" style=\"\" href=\"http:\/\/imagenmemorable.com\/blog\/la-imagen-del-poder-el-caso-de-melania-trump\/\" target=\"_self\" rel=\"bookmark noopener noreferrer\">Leer m\u00e1s<\/a>\n\t\t\t<\/div>\n\t\t\t\n\t\t\t\t\t\t\t\t\t<\/article>\n\t\t\t\t\t\t\t\t\t\t\t\t\t\t\t\t<article class=\"uagb-post__inner-wrap\">\t\t\t\t\t\t\t\t<div class='uagb-post__image'>\n\t\t\t\t\t\t\t\t\t<a href=\"http:\/\/imagenmemorable.com\/blog\/que-dice-tu-guardarropa-de-tu-liderazgo-descubrelo-y-transformalo\/\" target=\"_self\" rel=\"bookmark noopener noreferrer\" class='uagb-image-ratio-2-3'><img loading=\"lazy\" decoding=\"async\" width=\"1000\" height=\"750\" src=\"http:\/\/imagenmemorable.com\/blog\/wp-content\/uploads\/2024\/12\/Que-Dice-Tu-Guardarropa-de-Tu-Liderazgo.jpg\" class=\"attachment-large size-large\" alt=\"\" srcset=\"http:\/\/imagenmemorable.com\/blog\/wp-content\/uploads\/2024\/12\/Que-Dice-Tu-Guardarropa-de-Tu-Liderazgo.jpg 1000w, http:\/\/imagenmemorable.com\/blog\/wp-content\/uploads\/2024\/12\/Que-Dice-Tu-Guardarropa-de-Tu-Liderazgo-300x225.jpg 300w, http:\/\/imagenmemorable.com\/blog\/wp-content\/uploads\/2024\/12\/Que-Dice-Tu-Guardarropa-de-Tu-Liderazgo-768x576.jpg 768w\" sizes=\"auto, (max-width: 1000px) 100vw, 1000px\" \/>\t\t\t\t\t<\/a>\n\t\t\t\t\t\t\t<\/div>\n\t\t\t\t\t\t<h4 class=\"uagb-post__title uagb-post__text\">\n\t\t\t\t<a href=\"http:\/\/imagenmemorable.com\/blog\/que-dice-tu-guardarropa-de-tu-liderazgo-descubrelo-y-transformalo\/\" target=\"_self\" rel=\"bookmark noopener noreferrer\">\u00bfQu\u00e9 Dice Tu Guardarropa de Tu Liderazgo? Desc\u00fabrelo y Transf\u00f3rmalo<\/a>\n\t\t\t<\/h4>\n\t\t\t\t\t\t<div class='uagb-post__text uagb-post-grid-byline'>\n\t\t\t\t\t\t\t\t<div class=\"uagb-post__text\">\n\t\t\t\t\t<span class='uagb-post__taxonomy'>\n\t\t\t\t\t\t\t\t\t\t\t\t<a href=\"http:\/\/imagenmemorable.com\/blog\/category\/imagen-personal\/\">Imagen personal<\/a>,&nbsp;<a href=\"http:\/\/imagenmemorable.com\/blog\/category\/imagen-profesional\/\">Imagen profesional<\/a>\t\t\t\t\t<\/span>\n\t\t\t\t<\/div>\n\t\t\t\t\t\t\t<\/div>\n\t\t\t\t\t\t\t<div class='uagb-post__text uagb-post__excerpt'>\n\t\t\t\t\t<p>Tu guardarropa es m\u00e1s que una colecci\u00f3n de prendas: es un reflejo de qui\u00e9n eres&#8230;\t\t\t\t<\/div>\n\t\t\t\t\t\t<div class=\"uagb-post__text uagb-post__cta wp-block-button\">\n\t\t\t\t<a class=\"wp-block-button__link uagb-text-link\" style=\"\" href=\"http:\/\/imagenmemorable.com\/blog\/que-dice-tu-guardarropa-de-tu-liderazgo-descubrelo-y-transformalo\/\" target=\"_self\" rel=\"bookmark noopener noreferrer\">Leer m\u00e1s<\/a>\n\t\t\t<\/div>\n\t\t\t\n\t\t\t\t\t\t\t\t\t<\/article>\n\t\t\t\t\t\t\t\t\t\t\t\t\t\t\t\t<article class=\"uagb-post__inner-wrap\">\t\t\t\t\t\t\t\t<div class='uagb-post__image'>\n\t\t\t\t\t\t\t\t\t<a href=\"http:\/\/imagenmemorable.com\/blog\/brilla-en-tus-eventos-de-fin-de-ano-con-una-imagen-memorable\/\" target=\"_self\" rel=\"bookmark noopener noreferrer\" class='uagb-image-ratio-2-3'><img loading=\"lazy\" decoding=\"async\" width=\"1000\" height=\"750\" src=\"http:\/\/imagenmemorable.com\/blog\/wp-content\/uploads\/2024\/11\/Brilla-en-tus-eventos.jpg\" class=\"attachment-large size-large\" alt=\"\" srcset=\"http:\/\/imagenmemorable.com\/blog\/wp-content\/uploads\/2024\/11\/Brilla-en-tus-eventos.jpg 1000w, http:\/\/imagenmemorable.com\/blog\/wp-content\/uploads\/2024\/11\/Brilla-en-tus-eventos-300x225.jpg 300w, http:\/\/imagenmemorable.com\/blog\/wp-content\/uploads\/2024\/11\/Brilla-en-tus-eventos-768x576.jpg 768w\" sizes=\"auto, (max-width: 1000px) 100vw, 1000px\" \/>\t\t\t\t\t<\/a>\n\t\t\t\t\t\t\t<\/div>\n\t\t\t\t\t\t<h4 class=\"uagb-post__title uagb-post__text\">\n\t\t\t\t<a href=\"http:\/\/imagenmemorable.com\/blog\/brilla-en-tus-eventos-de-fin-de-ano-con-una-imagen-memorable\/\" target=\"_self\" rel=\"bookmark noopener noreferrer\">Brilla en tus eventos de fin de a\u00f1o con una imagen memorable<\/a>\n\t\t\t<\/h4>\n\t\t\t\t\t\t<div class='uagb-post__text uagb-post-grid-byline'>\n\t\t\t\t\t\t\t\t<div class=\"uagb-post__text\">\n\t\t\t\t\t<span class='uagb-post__taxonomy'>\n\t\t\t\t\t\t\t\t\t\t\t\t<a href=\"http:\/\/imagenmemorable.com\/blog\/category\/imagen-personal\/\">Imagen personal<\/a>,&nbsp;<a href=\"http:\/\/imagenmemorable.com\/blog\/category\/imagen-profesional\/\">Imagen profesional<\/a>\t\t\t\t\t<\/span>\n\t\t\t\t<\/div>\n\t\t\t\t\t\t\t<\/div>\n\t\t\t\t\t\t\t<div class='uagb-post__text uagb-post__excerpt'>\n\t\t\t\t\t<p>La \u00e9poca de fin de a\u00f1o est\u00e1 llena de eventos especiales: cenas de empresa, celebraciones&#8230;\t\t\t\t<\/div>\n\t\t\t\t\t\t<div class=\"uagb-post__text uagb-post__cta wp-block-button\">\n\t\t\t\t<a class=\"wp-block-button__link uagb-text-link\" style=\"\" href=\"http:\/\/imagenmemorable.com\/blog\/brilla-en-tus-eventos-de-fin-de-ano-con-una-imagen-memorable\/\" target=\"_self\" rel=\"bookmark noopener noreferrer\">Leer m\u00e1s<\/a>\n\t\t\t<\/div>\n\t\t\t\n\t\t\t\t\t\t\t\t\t<\/article>\n\t\t\t\t\t\t\t\t\t\t\t\t\t\t\t\t<article class=\"uagb-post__inner-wrap\">\t\t\t\t\t\t\t\t<div class='uagb-post__image'>\n\t\t\t\t\t\t\t\t\t<a href=\"http:\/\/imagenmemorable.com\/blog\/3-pasos-para-potenciar-tu-imagen-personal-y-profesional\/\" target=\"_self\" rel=\"bookmark noopener noreferrer\" class='uagb-image-ratio-2-3'><img loading=\"lazy\" decoding=\"async\" width=\"1000\" height=\"750\" src=\"http:\/\/imagenmemorable.com\/blog\/wp-content\/uploads\/2024\/11\/3-pasos-para-potenciar.jpg\" class=\"attachment-large size-large\" alt=\"\" srcset=\"http:\/\/imagenmemorable.com\/blog\/wp-content\/uploads\/2024\/11\/3-pasos-para-potenciar.jpg 1000w, http:\/\/imagenmemorable.com\/blog\/wp-content\/uploads\/2024\/11\/3-pasos-para-potenciar-300x225.jpg 300w, http:\/\/imagenmemorable.com\/blog\/wp-content\/uploads\/2024\/11\/3-pasos-para-potenciar-768x576.jpg 768w\" sizes=\"auto, (max-width: 1000px) 100vw, 1000px\" \/>\t\t\t\t\t<\/a>\n\t\t\t\t\t\t\t<\/div>\n\t\t\t\t\t\t<h4 class=\"uagb-post__title uagb-post__text\">\n\t\t\t\t<a href=\"http:\/\/imagenmemorable.com\/blog\/3-pasos-para-potenciar-tu-imagen-personal-y-profesional\/\" target=\"_self\" rel=\"bookmark noopener noreferrer\">3 pasos para potenciar tu Imagen personal y profesional<\/a>\n\t\t\t<\/h4>\n\t\t\t\t\t\t<div class='uagb-post__text uagb-post-grid-byline'>\n\t\t\t\t\t\t\t\t<div class=\"uagb-post__text\">\n\t\t\t\t\t<span class='uagb-post__taxonomy'>\n\t\t\t\t\t\t\t\t\t\t\t\t<a href=\"http:\/\/imagenmemorable.com\/blog\/category\/imagen-personal\/\">Imagen personal<\/a>,&nbsp;<a href=\"http:\/\/imagenmemorable.com\/blog\/category\/imagen-profesional\/\">Imagen profesional<\/a>\t\t\t\t\t<\/span>\n\t\t\t\t<\/div>\n\t\t\t\t\t\t\t<\/div>\n\t\t\t\t\t\t\t<div class='uagb-post__text uagb-post__excerpt'>\n\t\t\t\t\t<p>En el mundo actual, la imagen personal y profesional es una herramienta poderosa. Lo que&#8230;\t\t\t\t<\/div>\n\t\t\t\t\t\t<div class=\"uagb-post__text uagb-post__cta wp-block-button\">\n\t\t\t\t<a class=\"wp-block-button__link uagb-text-link\" style=\"\" href=\"http:\/\/imagenmemorable.com\/blog\/3-pasos-para-potenciar-tu-imagen-personal-y-profesional\/\" target=\"_self\" rel=\"bookmark noopener noreferrer\">Leer m\u00e1s<\/a>\n\t\t\t<\/div>\n\t\t\t\n\t\t\t\t\t\t\t\t\t<\/article>\n\t\t\t\t\t\t\t\t\t\t\t<\/div>\n\t\t\t<\/div><\/div>\n<\/div><\/div>\n","protected":false},"excerpt":{"rendered":"","protected":false},"author":1,"featured_media":0,"parent":0,"menu_order":0,"comment_status":"closed","ping_status":"closed","template":"","meta":{"_uag_custom_page_level_css":"","site-sidebar-layout":"no-sidebar","site-content-layout":"page-builder","ast-site-content-layout":"full-width-container","site-content-style":"unboxed","site-sidebar-style":"unboxed","ast-global-header-display":"","ast-banner-title-visibility":"","ast-main-header-display":"","ast-hfb-above-header-display":"","ast-hfb-below-header-display":"","ast-hfb-mobile-header-display":"","site-post-title":"disabled","ast-breadcrumbs-content":"","ast-featured-img":"disabled","footer-sml-layout":"","ast-disable-related-posts":"","theme-transparent-header-meta":"enabled","adv-header-id-meta":"","stick-header-meta":"","header-above-stick-meta":"","header-main-stick-meta":"","header-below-stick-meta":"","astra-migrate-meta-layouts":"set","ast-page-background-enabled":"default","ast-page-background-meta":{"desktop":{"background-color":"","background-image":"","background-repeat":"repeat","background-position":"center center","background-size":"auto","background-attachment":"scroll","background-type":"","background-media":"","overlay-type":"","overlay-color":"","overlay-opacity":"","overlay-gradient":""},"tablet":{"background-color":"","background-image":"","background-repeat":"repeat","background-position":"center center","background-size":"auto","background-attachment":"scroll","background-type":"","background-media":"","overlay-type":"","overlay-color":"","overlay-opacity":"","overlay-gradient":""},"mobile":{"background-color":"","background-image":"","background-repeat":"repeat","background-position":"center center","background-size":"auto","background-attachment":"scroll","background-type":"","background-media":"","overlay-type":"","overlay-color":"","overlay-opacity":"","overlay-gradient":""}},"ast-content-background-meta":{"desktop":{"background-color":"var(--ast-global-color-5)","background-image":"","background-repeat":"repeat","background-position":"center center","background-size":"auto","background-attachment":"scroll","background-type":"","background-media":"","overlay-type":"","overlay-color":"","overlay-opacity":"","overlay-gradient":""},"tablet":{"background-color":"var(--ast-global-color-5)","background-image":"","background-repeat":"repeat","background-position":"center center","background-size":"auto","background-attachment":"scroll","background-type":"","background-media":"","overlay-type":"","overlay-color":"","overlay-opacity":"","overlay-gradient":""},"mobile":{"background-color":"var(--ast-global-color-5)","background-image":"","background-repeat":"repeat","background-position":"center center","background-size":"auto","background-attachment":"scroll","background-type":"","background-media":"","overlay-type":"","overlay-color":"","overlay-opacity":"","overlay-gradient":""}},"footnotes":""},"class_list":["post-653","page","type-page","status-publish","hentry"],"uagb_featured_image_src":{"full":false,"thumbnail":false,"medium":false,"medium_large":false,"large":false,"1536x1536":false,"2048x2048":false},"uagb_author_info":{"display_name":"admin","author_link":"http:\/\/imagenmemorable.com\/blog\/author\/admin\/"},"uagb_comment_info":0,"uagb_excerpt":null,"_links":{"self":[{"href":"http:\/\/imagenmemorable.com\/blog\/wp-json\/wp\/v2\/pages\/653","targetHints":{"allow":["GET"]}}],"collection":[{"href":"http:\/\/imagenmemorable.com\/blog\/wp-json\/wp\/v2\/pages"}],"about":[{"href":"http:\/\/imagenmemorable.com\/blog\/wp-json\/wp\/v2\/types\/page"}],"author":[{"embeddable":true,"href":"http:\/\/imagenmemorable.com\/blog\/wp-json\/wp\/v2\/users\/1"}],"replies":[{"embeddable":true,"href":"http:\/\/imagenmemorable.com\/blog\/wp-json\/wp\/v2\/comments?post=653"}],"version-history":[{"count":35,"href":"http:\/\/imagenmemorable.com\/blog\/wp-json\/wp\/v2\/pages\/653\/revisions"}],"predecessor-version":[{"id":1645,"href":"http:\/\/imagenmemorable.com\/blog\/wp-json\/wp\/v2\/pages\/653\/revisions\/1645"}],"wp:attachment":[{"href":"http:\/\/imagenmemorable.com\/blog\/wp-json\/wp\/v2\/media?parent=653"}],"curies":[{"name":"wp","href":"https:\/\/api.w.org\/{rel}","templated":true}]}}